












{"id":142,"date":"2017-01-04T11:52:59","date_gmt":"2017-01-04T10:52:59","guid":{"rendered":"http:\/\/www.haslmaier.com\/bestattung\/?page_id=142"},"modified":"2019-10-29T11:22:47","modified_gmt":"2019-10-29T10:22:47","slug":"erdbestattung","status":"publish","type":"page","link":"http:\/\/www.haslmaier.com\/bestattung\/welche-bestattung\/erdbestattung\/","title":{"rendered":"Erdbestattung"},"content":{"rendered":"<div id=\"metaslider-id-17\" style=\"width: 100%;\" class=\"ml-slider-3-108-0 ml-slider-pro-2-56-0 metaslider metaslider-flex metaslider-17 ml-slider ms-theme-default nav-hidden\" role=\"region\" aria-label=\"Neue Diashow\" data-height=\"700\" data-width=\"2400\">\n    <div id=\"metaslider_container_17\">\n        <div id=\"metaslider_17\">\n            <ul class='slides'>\n                <li style=\"display: block; width: 100%;\" class=\"slide-20 ms-image \" aria-roledescription=\"slide\" data-date=\"2016-03-02 11:14:55\" data-filename=\"Slide1.jpg\" data-slide-type=\"image\"><img loading=\"lazy\" decoding=\"async\" src=\"http:\/\/www.haslmaier.com\/bestattung\/wp-content\/uploads\/Slide1.jpg\" height=\"700\" width=\"2400\" alt=\"\" class=\"slider-17 slide-20 msDefaultImage\" \/><\/li>\n                <li style=\"display: none; width: 100%;\" class=\"slide-22 ms-image \" aria-roledescription=\"slide\" data-date=\"2016-03-02 11:15:09\" data-filename=\"Slide5.jpg\" data-slide-type=\"image\"><img loading=\"lazy\" decoding=\"async\" src=\"http:\/\/www.haslmaier.com\/bestattung\/wp-content\/uploads\/Slide5.jpg\" height=\"700\" width=\"2400\" alt=\"\" class=\"slider-17 slide-22 msDefaultImage\" \/><\/li>\n                <li style=\"display: none; width: 100%;\" class=\"slide-18 ms-image \" aria-roledescription=\"slide\" data-date=\"2016-03-02 11:14:38\" data-filename=\"Slide2.jpg\" data-slide-type=\"image\"><img loading=\"lazy\" decoding=\"async\" src=\"http:\/\/www.haslmaier.com\/bestattung\/wp-content\/uploads\/Slide2.jpg\" height=\"700\" width=\"2400\" alt=\"\" class=\"slider-17 slide-18 msDefaultImage\" \/><\/li>\n                <li style=\"display: none; width: 100%;\" class=\"slide-21 ms-image \" aria-roledescription=\"slide\" data-date=\"2016-03-02 11:15:02\" data-filename=\"Slide4.jpg\" data-slide-type=\"image\"><img loading=\"lazy\" decoding=\"async\" src=\"http:\/\/www.haslmaier.com\/bestattung\/wp-content\/uploads\/Slide4.jpg\" height=\"700\" width=\"2400\" alt=\"\" class=\"slider-17 slide-21 msDefaultImage\" \/><\/li>\n                <li style=\"display: none; width: 100%;\" class=\"slide-19 ms-image \" aria-roledescription=\"slide\" data-date=\"2016-03-02 11:14:42\" data-filename=\"Slide3.jpg\" data-slide-type=\"image\"><img loading=\"lazy\" decoding=\"async\" src=\"http:\/\/www.haslmaier.com\/bestattung\/wp-content\/uploads\/Slide3.jpg\" height=\"700\" width=\"2400\" alt=\"\" class=\"slider-17 slide-19 msDefaultImage\" \/><\/li>\n                <li style=\"display: none; width: 100%;\" class=\"slide-23 ms-image \" aria-roledescription=\"slide\" data-date=\"2016-03-02 11:15:18\" data-filename=\"Slide6.jpg\" data-slide-type=\"image\"><img loading=\"lazy\" decoding=\"async\" src=\"http:\/\/www.haslmaier.com\/bestattung\/wp-content\/uploads\/Slide6.jpg\" height=\"700\" width=\"2400\" alt=\"\" class=\"slider-17 slide-23 msDefaultImage\" \/><\/li>\n            <\/ul>\n        <\/div>\n        \n    <\/div>\n<\/div>\n<div class='conblock con-grey clearfix'><div class='conblock-inner'>\n<h1>Erdbestattung<\/h1>\n<p>F\u00fcr Erdbestattungen gelten die jeweiligen Friedhofsordnungen der Pfarr\u00e4mter und Gemeinden.<\/p>\n<p>Die Sargbestattung des Leichnams erfolgt typischerweise in der Erde eines Friedhofs oder einer dementsprechenden vorbereiteten Fl\u00e4che. Die Beisetzung erfolgt dabei in einem Einzelgrab, als Wahlgrab oder in Reihenfolge als Reihengrab in jeweils gesonderten St\u00e4tten oder einem Gemeinschaftsgrab, \u00fcblicherweise bei Familien, indem mehrere Bestattungsf\u00e4lle \u00fcber einen l\u00e4ngeren Zeitraum an derselben Stelle erfolgen.<\/p>\n<div class='cols3 cols gap clearfix'>\n<div class='col colspan2 '>\n<p>Grunds\u00e4tzlich ist in allen Friedh\u00f6fen eine <strong>Mindestruhezeit von 10 Jahren<\/strong> vorgeschrieben.<\/p>\n<p>W\u00e4hrend dieser Zeit kann eine weitere Beisetzung nur dann erfolgen, wenn die Erdbestattung in einem Tiefgrab erfolgt ist. In Doppelgr\u00e4bern k\u00f6nnen, wenn Tiefgr\u00e4ber gemacht werden, somit 4 Beisetzungen w\u00e4hrend der 10-j\u00e4hrigen Ruhezeit erfolgen. Die Grabplatzgeb\u00fchr ist nach der letzten Beisetzung f\u00fcr 10 Jahre im vor hinein zu entrichten. Nach Ablauf der Ruhezeit kann das Nutzungsrecht, auf Antrag des Nutzungsberechtigten und nach Entrichtung der Nachl\u00f6segeb\u00fchr, auf jeweils 5 Jahre verl\u00e4ngert werden.<\/p>\n<p>Nach Auflassung einer Grabst\u00e4tte ist vom Nutzungsberechtigten, auf dessen Kosten, der Urzustand wieder herzustellen; d.h. Grabsteine etc. sind abzutragen und die Grabfl\u00e4che ist einzuebnen.<\/p>\n\n<\/div>\n<div class='col colspan last'>\n<p><img loading=\"lazy\" decoding=\"async\" class=\"wp-image-212 size-medium aligncenter\" src=\"http:\/\/www.haslmaier.com\/bestattung\/wp-content\/uploads\/iStock-486325973-550x366.jpg\" alt=\"\" width=\"550\" height=\"366\" \/><\/p>\n<\/div>\n<\/div>\n<div class='colorline'><\/div>\n<h3>Bestattung Haslmaier &#8211; Erdbestattung in Ober\u00f6sterreich<\/h3>\n<p>F\u00fcr Fragen stehe ich\u00a0Ihnen gerne zur Verf\u00fcgung\u00a0 \u2013 kontaktieren Sie mich\u00a0unter der\u00a0Telefonnummer <strong>+43 664\u00a0853 82 52<\/strong>\u00a0oder schicken Sie\u00a0<a href=\"mailto:&#x72;&#x6f;&#x62;&#x65;&#x72;&#x74;&#x2e;&#x68;&#x61;&#x73;&#x6c;&#x6d;&#x61;&#x69;&#x65;&#x72;&#x40;&#x67;&#x6d;&#x61;&#x69;&#x6c;&#x2e;&#x63;&#x6f;&#x6d;\">Ihre Anfrage!<\/a><\/p>\n<\/div> <\/div>","protected":false},"excerpt":{"rendered":"","protected":false},"author":3,"featured_media":0,"parent":129,"menu_order":1,"comment_status":"closed","ping_status":"closed","template":"","meta":{"footnotes":""},"class_list":["post-142","page","type-page","status-publish","hentry"],"_links":{"self":[{"href":"http:\/\/www.haslmaier.com\/bestattung\/wp-json\/wp\/v2\/pages\/142","targetHints":{"allow":["GET"]}}],"collection":[{"href":"http:\/\/www.haslmaier.com\/bestattung\/wp-json\/wp\/v2\/pages"}],"about":[{"href":"http:\/\/www.haslmaier.com\/bestattung\/wp-json\/wp\/v2\/types\/page"}],"author":[{"embeddable":true,"href":"http:\/\/www.haslmaier.com\/bestattung\/wp-json\/wp\/v2\/users\/3"}],"replies":[{"embeddable":true,"href":"http:\/\/www.haslmaier.com\/bestattung\/wp-json\/wp\/v2\/comments?post=142"}],"version-history":[{"count":10,"href":"http:\/\/www.haslmaier.com\/bestattung\/wp-json\/wp\/v2\/pages\/142\/revisions"}],"predecessor-version":[{"id":427,"href":"http:\/\/www.haslmaier.com\/bestattung\/wp-json\/wp\/v2\/pages\/142\/revisions\/427"}],"up":[{"embeddable":true,"href":"http:\/\/www.haslmaier.com\/bestattung\/wp-json\/wp\/v2\/pages\/129"}],"wp:attachment":[{"href":"http:\/\/www.haslmaier.com\/bestattung\/wp-json\/wp\/v2\/media?parent=142"}],"curies":[{"name":"wp","href":"https:\/\/api.w.org\/{rel}","templated":true}]}}