












{"id":147,"date":"2017-01-04T11:53:41","date_gmt":"2017-01-04T10:53:41","guid":{"rendered":"http:\/\/www.haslmaier.com\/bestattung\/?page_id=147"},"modified":"2019-10-29T11:24:59","modified_gmt":"2019-10-29T10:24:59","slug":"flussbestattung","status":"publish","type":"page","link":"http:\/\/www.haslmaier.com\/bestattung\/welche-bestattung\/flussbestattung\/","title":{"rendered":"Flussbestattung"},"content":{"rendered":"<div id=\"metaslider-id-17\" style=\"width: 100%;\" class=\"ml-slider-3-108-0 ml-slider-pro-2-56-0 metaslider metaslider-flex metaslider-17 ml-slider ms-theme-default nav-hidden\" role=\"region\" aria-label=\"Neue Diashow\" data-height=\"700\" data-width=\"2400\">\n    <div id=\"metaslider_container_17\">\n        <div id=\"metaslider_17\">\n            <ul class='slides'>\n                <li style=\"display: block; width: 100%;\" class=\"slide-20 ms-image \" aria-roledescription=\"slide\" data-date=\"2016-03-02 11:14:55\" data-filename=\"Slide1.jpg\" data-slide-type=\"image\"><img loading=\"lazy\" decoding=\"async\" src=\"http:\/\/www.haslmaier.com\/bestattung\/wp-content\/uploads\/Slide1.jpg\" height=\"700\" width=\"2400\" alt=\"\" class=\"slider-17 slide-20 msDefaultImage\" \/><\/li>\n                <li style=\"display: none; width: 100%;\" class=\"slide-22 ms-image \" aria-roledescription=\"slide\" data-date=\"2016-03-02 11:15:09\" data-filename=\"Slide5.jpg\" data-slide-type=\"image\"><img loading=\"lazy\" decoding=\"async\" src=\"http:\/\/www.haslmaier.com\/bestattung\/wp-content\/uploads\/Slide5.jpg\" height=\"700\" width=\"2400\" alt=\"\" class=\"slider-17 slide-22 msDefaultImage\" \/><\/li>\n                <li style=\"display: none; width: 100%;\" class=\"slide-18 ms-image \" aria-roledescription=\"slide\" data-date=\"2016-03-02 11:14:38\" data-filename=\"Slide2.jpg\" data-slide-type=\"image\"><img loading=\"lazy\" decoding=\"async\" src=\"http:\/\/www.haslmaier.com\/bestattung\/wp-content\/uploads\/Slide2.jpg\" height=\"700\" width=\"2400\" alt=\"\" class=\"slider-17 slide-18 msDefaultImage\" \/><\/li>\n                <li style=\"display: none; width: 100%;\" class=\"slide-21 ms-image \" aria-roledescription=\"slide\" data-date=\"2016-03-02 11:15:02\" data-filename=\"Slide4.jpg\" data-slide-type=\"image\"><img loading=\"lazy\" decoding=\"async\" src=\"http:\/\/www.haslmaier.com\/bestattung\/wp-content\/uploads\/Slide4.jpg\" height=\"700\" width=\"2400\" alt=\"\" class=\"slider-17 slide-21 msDefaultImage\" \/><\/li>\n                <li style=\"display: none; width: 100%;\" class=\"slide-19 ms-image \" aria-roledescription=\"slide\" data-date=\"2016-03-02 11:14:42\" data-filename=\"Slide3.jpg\" data-slide-type=\"image\"><img loading=\"lazy\" decoding=\"async\" src=\"http:\/\/www.haslmaier.com\/bestattung\/wp-content\/uploads\/Slide3.jpg\" height=\"700\" width=\"2400\" alt=\"\" class=\"slider-17 slide-19 msDefaultImage\" \/><\/li>\n                <li style=\"display: none; width: 100%;\" class=\"slide-23 ms-image \" aria-roledescription=\"slide\" data-date=\"2016-03-02 11:15:18\" data-filename=\"Slide6.jpg\" data-slide-type=\"image\"><img loading=\"lazy\" decoding=\"async\" src=\"http:\/\/www.haslmaier.com\/bestattung\/wp-content\/uploads\/Slide6.jpg\" height=\"700\" width=\"2400\" alt=\"\" class=\"slider-17 slide-23 msDefaultImage\" \/><\/li>\n            <\/ul>\n        <\/div>\n        \n    <\/div>\n<\/div>\n<div class='conblock con-grey clearfix'><div class='conblock-inner'>\n<h1>Flussbestattung in der Donau<\/h1>\n\n<p>In \u00d6sterreich darf nur die Asche von Verstorbenen einer Donaubestattung zugef\u00fchrt werden. Selbstverst\u00e4ndlich ist vor der Donaubestattung eine Ein\u00e4scherung des Leichnams n\u00f6tig. Direkt im Anschluss wird die Asche in eine Urne aus Zellstoff oder aus speziellen, wasserl\u00f6slichen Mineralien gef\u00fcllt.<\/p>\n\n<div class='cols3 cols gap clearfix'>\n<div class='col colspan2 '>\n<p>Das Verstreuen der Asche \u00fcber dem Wasser ist allerdings verboten \u2013 stattdessen wird sie in einer See-Urne beigesetzt, die sich nach einer gewissen Zeit aufl\u00f6st.<\/p>\n<p>Wer sich eine Donaubestattung w\u00fcnscht, sollte am besten bereits zu Lebzeiten eine Willenserkl\u00e4rung aufsetzen. Eine handschriftliche, unterzeichnete Notiz ist daf\u00fcr v\u00f6llig ausreichend. Nur so k\u00f6nnen die Hinterbliebenen beweisen, dass diese Bestattungsart der ausdr\u00fcckliche Wunsch des Verstorbenen war.<\/p>\n<p>Die eigentliche Zeremonie wird vorab bis ins Detail geplant. Besondere W\u00fcnsche des Verstorbenen oder der Angeh\u00f6rigen werden dabei im Rahmen der gesetzlichen Bestimmungen gerne ber\u00fccksichtigt.<\/p>\n<\/div>\n<div class='col colspan last'>\n<p><img loading=\"lazy\" decoding=\"async\" class=\"wp-image-213 size-medium aligncenter\" src=\"http:\/\/www.haslmaier.com\/bestattung\/wp-content\/uploads\/iStock-501240515-550x367.jpg\" alt=\"\" width=\"550\" height=\"367\" \/><\/p>\n<\/div>\n<\/div>\n<div class='colorline'><\/div>\n<h3>Bestattung Haslmaier &#8211; Flussbestattung in der Donau in Ober\u00f6sterreich<\/h3>\n<p>F\u00fcr Fragen stehe ich\u00a0Ihnen gerne zur Verf\u00fcgung\u00a0 \u2013 kontaktieren Sie mich\u00a0unter der\u00a0Telefonnummer <strong>+43 664\u00a0853 82 52<\/strong>\u00a0oder schicken Sie\u00a0<a href=\"mailto:&#x72;&#x6f;&#x62;&#x65;&#x72;&#x74;&#x2e;&#x68;&#x61;&#x73;&#x6c;&#x6d;&#x61;&#x69;&#x65;&#x72;&#x40;&#x67;&#x6d;&#x61;&#x69;&#x6c;&#x2e;&#x63;&#x6f;&#x6d;\">Ihre Anfrage!<\/a><\/p>\n<\/div> <\/div>","protected":false},"excerpt":{"rendered":"","protected":false},"author":3,"featured_media":0,"parent":129,"menu_order":3,"comment_status":"closed","ping_status":"closed","template":"","meta":{"footnotes":""},"class_list":["post-147","page","type-page","status-publish","hentry"],"_links":{"self":[{"href":"http:\/\/www.haslmaier.com\/bestattung\/wp-json\/wp\/v2\/pages\/147","targetHints":{"allow":["GET"]}}],"collection":[{"href":"http:\/\/www.haslmaier.com\/bestattung\/wp-json\/wp\/v2\/pages"}],"about":[{"href":"http:\/\/www.haslmaier.com\/bestattung\/wp-json\/wp\/v2\/types\/page"}],"author":[{"embeddable":true,"href":"http:\/\/www.haslmaier.com\/bestattung\/wp-json\/wp\/v2\/users\/3"}],"replies":[{"embeddable":true,"href":"http:\/\/www.haslmaier.com\/bestattung\/wp-json\/wp\/v2\/comments?post=147"}],"version-history":[{"count":10,"href":"http:\/\/www.haslmaier.com\/bestattung\/wp-json\/wp\/v2\/pages\/147\/revisions"}],"predecessor-version":[{"id":429,"href":"http:\/\/www.haslmaier.com\/bestattung\/wp-json\/wp\/v2\/pages\/147\/revisions\/429"}],"up":[{"embeddable":true,"href":"http:\/\/www.haslmaier.com\/bestattung\/wp-json\/wp\/v2\/pages\/129"}],"wp:attachment":[{"href":"http:\/\/www.haslmaier.com\/bestattung\/wp-json\/wp\/v2\/media?parent=147"}],"curies":[{"name":"wp","href":"https:\/\/api.w.org\/{rel}","templated":true}]}}