












{"id":6,"date":"2016-02-25T17:09:05","date_gmt":"2016-02-25T15:09:05","guid":{"rendered":"http:\/\/www.haslmaier.com\/bestattung\/?page_id=6"},"modified":"2019-12-31T16:21:10","modified_gmt":"2019-12-31T15:21:10","slug":"home","status":"publish","type":"page","link":"http:\/\/www.haslmaier.com\/bestattung\/","title":{"rendered":"Home"},"content":{"rendered":"<div id=\"metaslider-id-17\" style=\"width: 100%;\" class=\"ml-slider-3-108-0 ml-slider-pro-2-56-0 metaslider metaslider-flex metaslider-17 ml-slider ms-theme-default nav-hidden\" role=\"region\" aria-label=\"Neue Diashow\" data-height=\"700\" data-width=\"2400\">\n    <div id=\"metaslider_container_17\">\n        <div id=\"metaslider_17\">\n            <ul class='slides'>\n                <li style=\"display: block; width: 100%;\" class=\"slide-20 ms-image \" aria-roledescription=\"slide\" data-date=\"2016-03-02 11:14:55\" data-filename=\"Slide1.jpg\" data-slide-type=\"image\"><img loading=\"lazy\" decoding=\"async\" src=\"http:\/\/www.haslmaier.com\/bestattung\/wp-content\/uploads\/Slide1.jpg\" height=\"700\" width=\"2400\" alt=\"\" class=\"slider-17 slide-20 msDefaultImage\" \/><\/li>\n                <li style=\"display: none; width: 100%;\" class=\"slide-22 ms-image \" aria-roledescription=\"slide\" data-date=\"2016-03-02 11:15:09\" data-filename=\"Slide5.jpg\" data-slide-type=\"image\"><img loading=\"lazy\" decoding=\"async\" src=\"http:\/\/www.haslmaier.com\/bestattung\/wp-content\/uploads\/Slide5.jpg\" height=\"700\" width=\"2400\" alt=\"\" class=\"slider-17 slide-22 msDefaultImage\" \/><\/li>\n                <li style=\"display: none; width: 100%;\" class=\"slide-18 ms-image \" aria-roledescription=\"slide\" data-date=\"2016-03-02 11:14:38\" data-filename=\"Slide2.jpg\" data-slide-type=\"image\"><img loading=\"lazy\" decoding=\"async\" src=\"http:\/\/www.haslmaier.com\/bestattung\/wp-content\/uploads\/Slide2.jpg\" height=\"700\" width=\"2400\" alt=\"\" class=\"slider-17 slide-18 msDefaultImage\" \/><\/li>\n                <li style=\"display: none; width: 100%;\" class=\"slide-21 ms-image \" aria-roledescription=\"slide\" data-date=\"2016-03-02 11:15:02\" data-filename=\"Slide4.jpg\" data-slide-type=\"image\"><img loading=\"lazy\" decoding=\"async\" src=\"http:\/\/www.haslmaier.com\/bestattung\/wp-content\/uploads\/Slide4.jpg\" height=\"700\" width=\"2400\" alt=\"\" class=\"slider-17 slide-21 msDefaultImage\" \/><\/li>\n                <li style=\"display: none; width: 100%;\" class=\"slide-19 ms-image \" aria-roledescription=\"slide\" data-date=\"2016-03-02 11:14:42\" data-filename=\"Slide3.jpg\" data-slide-type=\"image\"><img loading=\"lazy\" decoding=\"async\" src=\"http:\/\/www.haslmaier.com\/bestattung\/wp-content\/uploads\/Slide3.jpg\" height=\"700\" width=\"2400\" alt=\"\" class=\"slider-17 slide-19 msDefaultImage\" \/><\/li>\n                <li style=\"display: none; width: 100%;\" class=\"slide-23 ms-image \" aria-roledescription=\"slide\" data-date=\"2016-03-02 11:15:18\" data-filename=\"Slide6.jpg\" data-slide-type=\"image\"><img loading=\"lazy\" decoding=\"async\" src=\"http:\/\/www.haslmaier.com\/bestattung\/wp-content\/uploads\/Slide6.jpg\" height=\"700\" width=\"2400\" alt=\"\" class=\"slider-17 slide-23 msDefaultImage\" \/><\/li>\n            <\/ul>\n        <\/div>\n        \n    <\/div>\n<\/div>\n<div class='conblock con-grey clearfix'><div class='conblock-inner'>\n<h1>Home<\/h1>\n<h2>Bestattung Haslmaier &#8211; Einf\u00fchlsame, umfassende und kompetente Begleitung<\/h2>\n<div class='colorline'><\/div>\n<p style=\"text-align: center;\"><strong>&#8222;Festhalten was man nicht halten kann, begreifen wollen was unbegreiflich ist, im Herzen tragen was ewig ist.&#8220; <\/strong><em>(-Unbekannt)<\/em><\/p>\n<p style=\"text-align: left;\"><div class='colorline'><\/div>\n<div class='cols3 cols gap clearfix'>\n<div class='col colspan2 '>\n<\/p><p>Der Tod zwingt uns Abschied zu nehmen von einem geliebten Menschen, der mit uns einen Teil des Weges gegangen ist. Pl\u00f6tzlich ist alles anders. Lassen Sie uns\u00a0diesen letzten schweren Weg ein St\u00fcckchen zusammen gehen, ich\u00a0berate und begleite Sie und helfe Ihnen gerne in allen Belangen weiter.<\/p>\n<p>Die gef\u00fchlvolle Begleitung, wie z.B. Rituale, ist f\u00fcr mich genauso selbstverst\u00e4ndlich wie das Ber\u00fccksichtigen Ihrer individuellen W\u00fcnsche.<\/p>\n<p>Um Ihnen diesen schweren Weg zu erleichtern, m\u00f6chte ich ihnen so gut wie m\u00f6glich unter die Arme greifen. Dazu geh\u00f6ren auch diverse Amtswege, die im Zuge eines Sterbefalls zu erledigen sind. Sehr gerne komme ich zu Ihnen nach Hause, um in einer f\u00fcr Sie \u201egewohnten und angenehmen\u201c Atmosph\u00e4re, alle wichtigen Abl\u00e4ufe betreffend der Abholung, Aufbahrung, oder Trauerfeier festzulegen.<\/p>\n<p>F\u00fcr Fragen stehen ich\u00a0Ihnen zu <strong>jeder Tageszeit an jedem Tag<\/strong> gerne zur Verf\u00fcgung.<\/p>\n<p><strong>Meine Telefonnummer 0664 \/ 853 82 52<\/strong><\/p>\n<p>Falls ich nicht erreichbar sein sollte, schicken Sie mir bitte eine SMS. Ich rufe sie dann umgehend zur\u00fcck.<\/p>\n<p><strong>Ihr Bestatter Haslmaier aus dem Bezirk Rohrbach!<\/strong><\/p>\n<\/div>\n<div class='col colspan last'>\n<p><img loading=\"lazy\" decoding=\"async\" class=\"alignnone wp-image-25 size-medium\" src=\"http:\/\/www.haslmaier.com\/bestattung\/wp-content\/uploads\/iStock_000057330546_Medium-550x550.jpg\" alt=\"\" width=\"550\" height=\"550\" \/><\/p>\n<\/div>\n<\/div>\n<div class='colorline'><\/div>\n<h3>Bestattung Haslmaier \u2013 Ihr Bestatter aus Sarleinsbach<\/h3>\n<p>F\u00fcr Fragen stehe ich\u00a0Ihnen gerne zur Verf\u00fcgung\u00a0 \u2013 kontaktieren Sie mich\u00a0unter der\u00a0Telefonnummer <strong>+43 664\u00a0853 82 52<\/strong>\u00a0oder schicken Sie\u00a0<a href=\"mailto:&#x72;&#x6f;&#x62;&#x65;&#x72;&#x74;&#x2e;&#x68;&#x61;&#x73;&#x6c;&#x6d;&#x61;&#x69;&#x65;&#x72;&#x40;&#x67;&#x6d;&#x61;&#x69;&#x6c;&#x2e;&#x63;&#x6f;&#x6d;\">Ihre Anfrage!<\/a><\/p>\n<p><b><\/b><\/div> <\/div>\n<\/p>","protected":false},"excerpt":{"rendered":"","protected":false},"author":1,"featured_media":0,"parent":0,"menu_order":1,"comment_status":"closed","ping_status":"closed","template":"","meta":{"footnotes":""},"class_list":["post-6","page","type-page","status-publish","hentry"],"_links":{"self":[{"href":"http:\/\/www.haslmaier.com\/bestattung\/wp-json\/wp\/v2\/pages\/6","targetHints":{"allow":["GET"]}}],"collection":[{"href":"http:\/\/www.haslmaier.com\/bestattung\/wp-json\/wp\/v2\/pages"}],"about":[{"href":"http:\/\/www.haslmaier.com\/bestattung\/wp-json\/wp\/v2\/types\/page"}],"author":[{"embeddable":true,"href":"http:\/\/www.haslmaier.com\/bestattung\/wp-json\/wp\/v2\/users\/1"}],"replies":[{"embeddable":true,"href":"http:\/\/www.haslmaier.com\/bestattung\/wp-json\/wp\/v2\/comments?post=6"}],"version-history":[{"count":9,"href":"http:\/\/www.haslmaier.com\/bestattung\/wp-json\/wp\/v2\/pages\/6\/revisions"}],"predecessor-version":[{"id":437,"href":"http:\/\/www.haslmaier.com\/bestattung\/wp-json\/wp\/v2\/pages\/6\/revisions\/437"}],"wp:attachment":[{"href":"http:\/\/www.haslmaier.com\/bestattung\/wp-json\/wp\/v2\/media?parent=6"}],"curies":[{"name":"wp","href":"https:\/\/api.w.org\/{rel}","templated":true}]}}