












{"id":14,"date":"2016-03-03T08:59:00","date_gmt":"2016-03-03T07:59:00","guid":{"rendered":"http:\/\/www.haslmaier.com\/einrichtung\/?page_id=14"},"modified":"2017-02-14T14:24:33","modified_gmt":"2017-02-14T13:24:33","slug":"produkte","status":"publish","type":"page","link":"http:\/\/www.haslmaier.com\/einrichtung\/produkte\/","title":{"rendered":"Produkte"},"content":{"rendered":"<div id=\"metaslider-id-73\" style=\"width: 100%;\" class=\"ml-slider-3-108-0 ml-slider-pro-2-56-0 metaslider metaslider-flex metaslider-73 ml-slider ms-theme-default nav-hidden\" role=\"region\" aria-label=\"slider\" data-height=\"400\" data-width=\"2400\">\n    <div id=\"metaslider_container_73\">\n        <div id=\"metaslider_73\">\n            <ul class='slides'>\n                <li style=\"display: block; width: 100%;\" class=\"slide-41 ms-image \" aria-roledescription=\"slide\" data-date=\"2016-03-03 10:00:18\" data-filename=\"Slide4DS-2400x400.jpg\" data-slide-type=\"image\"><img loading=\"lazy\" decoding=\"async\" src=\"http:\/\/www.haslmaier.com\/einrichtung\/wp-content\/uploads\/Slide4DS-2400x400.jpg\" height=\"400\" width=\"2400\" alt=\"\" class=\"slider-73 slide-41 msDefaultImage\" \/><\/li>\n                <li style=\"display: none; width: 100%;\" class=\"slide-40 ms-image \" aria-roledescription=\"slide\" data-date=\"2016-03-03 10:00:02\" data-filename=\"Slide3DS-2400x400.jpg\" data-slide-type=\"image\"><img loading=\"lazy\" decoding=\"async\" src=\"http:\/\/www.haslmaier.com\/einrichtung\/wp-content\/uploads\/Slide3DS-2400x400.jpg\" height=\"400\" width=\"2400\" alt=\"\" class=\"slider-73 slide-40 msDefaultImage\" \/><\/li>\n                <li style=\"display: none; width: 100%;\" class=\"slide-39 ms-image \" aria-roledescription=\"slide\" data-date=\"2016-03-03 09:59:45\" data-filename=\"Slide2DS-2400x400.jpg\" data-slide-type=\"image\"><img loading=\"lazy\" decoding=\"async\" src=\"http:\/\/www.haslmaier.com\/einrichtung\/wp-content\/uploads\/Slide2DS-2400x400.jpg\" height=\"400\" width=\"2400\" alt=\"\" class=\"slider-73 slide-39 msDefaultImage\" \/><\/li>\n                <li style=\"display: none; width: 100%;\" class=\"slide-38 ms-image \" aria-roledescription=\"slide\" data-date=\"2016-03-03 09:59:31\" data-filename=\"Slide1DS-2400x400.jpg\" data-slide-type=\"image\"><img loading=\"lazy\" decoding=\"async\" src=\"http:\/\/www.haslmaier.com\/einrichtung\/wp-content\/uploads\/Slide1DS-2400x400.jpg\" height=\"400\" width=\"2400\" alt=\"\" class=\"slider-73 slide-38 msDefaultImage\" \/><\/li>\n            <\/ul>\n        <\/div>\n        \n    <\/div>\n<\/div>\n<div class='conblock con-grey clearfix'><div class='conblock-inner'>\n<h1>Produkte<\/h1>\n<h3>Einrichtung Haslmaier &#8211; Ihr Spezialist f\u00fcr Neu- und Umgestaltung Ihrer Innenr\u00e4ume<\/h3>\n<p>Damit Sie rasch und unkompliziert Ihre neue Wohnung oder Ihr neues Haus beziehen k\u00f6nnen, erarbeite ich\u00a0gemeinsam mit Ihnen ein individuell auf Sie zugeschnittenes Gesamtkonzept, sodass f\u00fcr Sie keine Fragen offen bleiben.<\/p>\n<div class='cols3 cols gap clearfix'>\n<div class='col colspan2 '>\n<p>Nutzen Sie mein\u00a0Know-how und jenes meiner Partner zu Ihrem Vorteil:<\/p>\n<ul>\n<li>Beratung und Planung,<\/li>\n<li>professioneller Einbau,<\/li>\n<li>Installationsarbeiten und<\/li>\n<li>Altbestand-Entsorgung sind mein Service f\u00fcr Sie!<\/li>\n<\/ul>\n<p>F\u00fcr weitere Fragen zu meinem Leistungsumfang\u00a0kontaktieren Sie mich\u00a0einfach! <br \/>\n <strong>Ich freue mich auf Sie!<\/strong><\/p>\n<\/div>\n<div class='col colspan last'>\n<p><img loading=\"lazy\" decoding=\"async\" class=\"alignnone wp-image-56 size-full\" src=\"http:\/\/www.haslmaier.com\/einrichtung\/wp-content\/uploads\/Plan-e1456998422511.jpg\" alt=\"\" width=\"500\" height=\"281\" \/><\/p>\n<\/div>\n<\/div>\n<div class='colorline'><\/div>\n<h3>Ganzheitliche Konzepte von Einrichtung Haslmaier aus Sarleinsbach im Bezirk Rohrbach<\/h3>\n<p>Nach einer sorgf\u00e4ltigen Analyse Ihrer Vorstellungen erarbeite ich\u00a0mit Ihnen Schritt f\u00fcr Schritt ein aussagekr\u00e4ftiges, ganzheitliches Einrichtungskonzept.<\/p>\n<p>Bilder sagen mehr als tausend Worte, deshalb erhalten Sie von mir\u00a0bereits in einem sehr fr\u00fchen Stadium visuelle Beispiele. Das k\u00f6nnen erste Skizzen, fotorealistische 3D-CAD-Zeichnungen, eine Grundrissplanung oder Ansichten sein. Weiters erstelle ich eine erste Kostensch\u00e4tzung.<\/p>\n<p>All das hilft Ihnen, rasch einen Eindruck Ihres Projektes zu bekommen.<\/p>\n<div class='cols3 cols gap clearfix'>\n<div class='col colspan '>\n<p>Folgende Bereiche Ihres Zuhauses k\u00f6nnen wir gemeinsam umgestalten:\u00a0<\/p>\n<ul>\n<li>K\u00fcchen und Esspl\u00e4tze<\/li>\n<li>Wohn- und Schlafzimmer<\/li>\n<li>Vor-, Jugend- und Badezimmer<\/li>\n<li>Fenster-, Sonnen- und Insektenschutz<\/li>\n<li>Fu\u00dfb\u00f6den, Innen- und Au\u00dfentreppen<\/li>\n<li>B\u00fcror\u00e4umlichkeiten,&#8230;<\/li>\n<\/ul>\n<\/div>\n<div class='col colspan '>\n<p><img loading=\"lazy\" decoding=\"async\" class=\"alignnone size-medium wp-image-64\" src=\"http:\/\/www.haslmaier.com\/einrichtung\/wp-content\/uploads\/iStock_000068702779_Large-550x366.jpg\" alt=\"\" width=\"550\" height=\"366\" \/><\/p>\n<\/div>\n<div class='col colspan last'>\n<p><img loading=\"lazy\" decoding=\"async\" class=\"alignnone size-medium wp-image-65\" src=\"http:\/\/www.haslmaier.com\/einrichtung\/wp-content\/uploads\/Produkte1-550x366.jpg\" alt=\"\" width=\"550\" height=\"366\" \/><\/p>\n<\/div>\n<\/div>\n<div class='colorline'><\/div>\n<h3>Einrichtung\u00a0Haslmaier \u2013 \u00d6sterreichische Qualit\u00e4t aus dem M\u00fchlviertel<\/h3>\n<p>F\u00fcr Fragen stehe ich\u00a0Ihnen gerne zur Verf\u00fcgung\u00a0 \u2013 kontaktieren Sie mich\u00a0unter der\u00a0Telefonnummer <strong>+43 664\u00a0853 82 52<\/strong>\u00a0oder schicken Sie\u00a0<a href=\"mailto:&#x72;&#x6f;&#x62;&#x65;&#x72;&#x74;&#x40;&#x68;&#x61;&#x73;&#x6c;&#x6d;&#x61;&#x69;&#x65;&#x72;&#x2e;&#x63;&#x6f;&#x6d;\">Ihre Anfrage!<\/a><\/p>\n<\/div> <\/div>","protected":false},"excerpt":{"rendered":"","protected":false},"author":3,"featured_media":0,"parent":0,"menu_order":3,"comment_status":"closed","ping_status":"closed","template":"","meta":{"footnotes":""},"class_list":["post-14","page","type-page","status-publish","hentry"],"_links":{"self":[{"href":"http:\/\/www.haslmaier.com\/einrichtung\/wp-json\/wp\/v2\/pages\/14","targetHints":{"allow":["GET"]}}],"collection":[{"href":"http:\/\/www.haslmaier.com\/einrichtung\/wp-json\/wp\/v2\/pages"}],"about":[{"href":"http:\/\/www.haslmaier.com\/einrichtung\/wp-json\/wp\/v2\/types\/page"}],"author":[{"embeddable":true,"href":"http:\/\/www.haslmaier.com\/einrichtung\/wp-json\/wp\/v2\/users\/3"}],"replies":[{"embeddable":true,"href":"http:\/\/www.haslmaier.com\/einrichtung\/wp-json\/wp\/v2\/comments?post=14"}],"version-history":[{"count":14,"href":"http:\/\/www.haslmaier.com\/einrichtung\/wp-json\/wp\/v2\/pages\/14\/revisions"}],"predecessor-version":[{"id":75,"href":"http:\/\/www.haslmaier.com\/einrichtung\/wp-json\/wp\/v2\/pages\/14\/revisions\/75"}],"wp:attachment":[{"href":"http:\/\/www.haslmaier.com\/einrichtung\/wp-json\/wp\/v2\/media?parent=14"}],"curies":[{"name":"wp","href":"https:\/\/api.w.org\/{rel}","templated":true}]}}