












{"id":43,"date":"2016-03-03T10:06:49","date_gmt":"2016-03-03T09:06:49","guid":{"rendered":"http:\/\/www.haslmaier.com\/einrichtung\/?page_id=43"},"modified":"2020-02-16T11:20:14","modified_gmt":"2020-02-16T10:20:14","slug":"impressum","status":"publish","type":"page","link":"http:\/\/www.haslmaier.com\/einrichtung\/kontakt\/impressum\/","title":{"rendered":"Impressum"},"content":{"rendered":"<div class='conblock con-grey clearfix'><div class='conblock-inner'>\n<h1>Impressum<\/h1>\n<div class='cols2 cols gap clearfix'>\n<div class='col colspan '>\n<h3>Robert\u00a0Haslmaier<\/h3>\n<p><span class=\"street-address\"><strong>Einrichtung<br \/>\n<\/strong>Inner\u00f6dt 14<br \/>\n<\/span><span class=\"postal-code\">4152<\/span>\u00a0Sarleinsbach<span class=\"locality\"><br \/>\n<\/span><span class=\"locality\">Tel.:\u00a0+43 7283 82 69<br \/>\n<\/span><span class=\"locality\">Mobil: +43 664\u00a0853 82 52<br \/>\ne-mail: <a href=\"mailto:&#x72;&#x6f;&#x62;&#x65;&#x72;&#x74;&#x2e;&#x68;&#x61;&#x73;&#x6c;&#x6d;&#x61;&#x69;&#x65;&#x72;&#x40;&#x67;&#x6d;&#x61;&#x69;&#x6c;&#x2e;&#x63;&#x6f;&#x6d;\">&#x72;&#x6f;&#x62;&#x65;&#x72;&#x74;&#x2e;&#x68;&#x61;&#x73;&#x6c;&#x6d;&#x61;&#x69;&#x65;&#x72;&#x40;<span class=\"oe_displaynone\">null<\/span>&#x67;&#x6d;&#x61;&#x69;&#x6c;&#x2e;&#x63;&#x6f;&#x6d;<\/a><\/span><\/p>\n<h3>Firmeninformationen<\/h3>\n<p>Gesch\u00e4ftsf\u00fchrung:\u00a0Robert Haslmaier<br \/>\nT\u00e4tigkeitsbeschreibung:\u00a0Einrichtungsfachhandel,\u00a0Handel mit elektronischen Bauteilen einschlie\u00dflich Zubeh\u00f6r,\u00a0Handel mit M\u00f6beln, B\u00fcrom\u00f6beln,\u00a0Handel mit Raumausstattungswaren und Heimtextilien<br \/>\nGerichtsstand: Bezirksgericht\u00a0Rohrbach<br \/>\nBeh\u00f6rde gem. ECG: Bezirkshauptmannschaft\u00a0Rohrbach<\/p>\n<p><a href=\"https:\/\/firmen.wko.at\/Web\/DetailsInfos.aspx?FirmaID=665d0f27-55e2-4baf-87bf-4b8204b08df1&amp;StandortID=0&amp;Suchbegriff=Robert+Haslmaier&amp;Page=1\" target=\"_blank\" rel=\"noopener noreferrer\"><img loading=\"lazy\" decoding=\"async\" class=\"alignnone wp-image-12 size-full\" src=\"http:\/\/www.jennis.at\/wp\/wp-content\/uploads\/WKO.gif\" alt=\"WKO\" width=\"169\" height=\"23\" \/><\/a><\/p>\n<h3>Gestaltung der Website<\/h3>\n<p><a href=\"http:\/\/www.rundrweb.com\" target=\"_blank\" rel=\"noopener noreferrer\">R&amp;R Web GmbH<\/a>, Homepages mit Funktion<\/p>\n<h3>Keine Garantie<\/h3>\n<p>Die Website wurde mit gr\u00f6\u00dfter Sorgfalt zusammengestellt, aber das Unternehmen Einrichtung\u00a0Haslmaier\u00a0kann f\u00fcr Fehlerfreiheit, Aktualit\u00e4t und Vollst\u00e4ndigkeit nicht garantieren.<\/p>\n<\/div>\n<div class='col colspan last'>\n<h3>Alle Rechte vorbehalten<\/h3>\n<p>Die auf der dieser Website bereitgestellten Texte, Bilder, Grafiken, Logos, usw. d\u00fcrfen nicht ver\u00e4ndert oder f\u00fcr Handelszwecke kopiert werden.<\/p>\n<p>Ich behalte mir auch vor, die Informationen dieser Website jederzeit ohne vorherige Ank\u00fcndigung zu aktualisieren oder zu \u00e4ndern.<\/p>\n<p>Bildquelle: istockphoto.com<\/p>\n<h3>Haftungshinweis<\/h3>\n<p>Trotz sorgf\u00e4ltiger inhaltlicher Kontrolle \u00fcbernehme ich keine Haftung f\u00fcr die Inhalte externer Links. F\u00fcr den Inhalt der verlinkten Seiten sind ausschlie\u00dflich deren Betreiber verantwortlich.<\/p>\n<p>Das Unternehmen Einrichtung\u00a0Haslmaier lehnt jegliche Haftung f\u00fcr unmittelbare, konkrete oder Folgesch\u00e4den sowie sonstige Sch\u00e4den jeglicher Art, die aus welchem Grund auch immer im Zusammenhang mit dem indirekten oder direkten Gebrauch der auf der Website bereitgestellten Informationen entstanden sind, ab.<\/p>\n<h3>E-Mails<\/h3>\n<p>Im Einklang mit dem E-Commerce-Gesetz (ECG) machen wir darauf aufmerksam, dass an uns gesendete E-Mails nur zu den \u00fcblichen Gesch\u00e4fts\u00f6ffnungszeiten abgerufen und dann gegebenenfalls beantwortet werden.<\/p>\n<\/div>\n<\/div>\n<\/div> <\/div>","protected":false},"excerpt":{"rendered":"","protected":false},"author":3,"featured_media":0,"parent":8,"menu_order":0,"comment_status":"closed","ping_status":"closed","template":"","meta":{"footnotes":""},"class_list":["post-43","page","type-page","status-publish","hentry"],"_links":{"self":[{"href":"http:\/\/www.haslmaier.com\/einrichtung\/wp-json\/wp\/v2\/pages\/43","targetHints":{"allow":["GET"]}}],"collection":[{"href":"http:\/\/www.haslmaier.com\/einrichtung\/wp-json\/wp\/v2\/pages"}],"about":[{"href":"http:\/\/www.haslmaier.com\/einrichtung\/wp-json\/wp\/v2\/types\/page"}],"author":[{"embeddable":true,"href":"http:\/\/www.haslmaier.com\/einrichtung\/wp-json\/wp\/v2\/users\/3"}],"replies":[{"embeddable":true,"href":"http:\/\/www.haslmaier.com\/einrichtung\/wp-json\/wp\/v2\/comments?post=43"}],"version-history":[{"count":2,"href":"http:\/\/www.haslmaier.com\/einrichtung\/wp-json\/wp\/v2\/pages\/43\/revisions"}],"predecessor-version":[{"id":86,"href":"http:\/\/www.haslmaier.com\/einrichtung\/wp-json\/wp\/v2\/pages\/43\/revisions\/86"}],"up":[{"embeddable":true,"href":"http:\/\/www.haslmaier.com\/einrichtung\/wp-json\/wp\/v2\/pages\/8"}],"wp:attachment":[{"href":"http:\/\/www.haslmaier.com\/einrichtung\/wp-json\/wp\/v2\/media?parent=43"}],"curies":[{"name":"wp","href":"https:\/\/api.w.org\/{rel}","templated":true}]}}