












{"id":6,"date":"2016-02-25T16:34:49","date_gmt":"2016-02-25T14:34:49","guid":{"rendered":"http:\/\/www.haslmaier.com\/einrichtung\/?page_id=6"},"modified":"2020-02-16T11:15:42","modified_gmt":"2020-02-16T10:15:42","slug":"home","status":"publish","type":"page","link":"http:\/\/www.haslmaier.com\/einrichtung\/","title":{"rendered":"Home"},"content":{"rendered":"<div id=\"metaslider-id-37\" style=\"width: 100%;\" class=\"ml-slider-3-108-0 ml-slider-pro-2-56-0 metaslider metaslider-flex metaslider-37 ml-slider ms-theme-default nav-hidden\" role=\"region\" aria-label=\"Neue Diashow\" data-height=\"700\" data-width=\"2400\">\n    <div id=\"metaslider_container_37\">\n        <div id=\"metaslider_37\">\n            <ul class='slides'>\n                <li style=\"display: block; width: 100%;\" class=\"slide-41 ms-image \" aria-roledescription=\"slide\" data-date=\"2016-03-03 10:00:18\" data-filename=\"Slide4DS.jpg\" data-slide-type=\"image\"><img loading=\"lazy\" decoding=\"async\" src=\"http:\/\/www.haslmaier.com\/einrichtung\/wp-content\/uploads\/Slide4DS.jpg\" height=\"700\" width=\"2400\" alt=\"\" class=\"slider-37 slide-41 msDefaultImage\" \/><\/li>\n                <li style=\"display: none; width: 100%;\" class=\"slide-40 ms-image \" aria-roledescription=\"slide\" data-date=\"2016-03-03 10:00:02\" data-filename=\"Slide3DS.jpg\" data-slide-type=\"image\"><img loading=\"lazy\" decoding=\"async\" src=\"http:\/\/www.haslmaier.com\/einrichtung\/wp-content\/uploads\/Slide3DS.jpg\" height=\"700\" width=\"2400\" alt=\"\" class=\"slider-37 slide-40 msDefaultImage\" \/><\/li>\n                <li style=\"display: none; width: 100%;\" class=\"slide-39 ms-image \" aria-roledescription=\"slide\" data-date=\"2016-03-03 09:59:45\" data-filename=\"Slide2DS.jpg\" data-slide-type=\"image\"><img loading=\"lazy\" decoding=\"async\" src=\"http:\/\/www.haslmaier.com\/einrichtung\/wp-content\/uploads\/Slide2DS.jpg\" height=\"700\" width=\"2400\" alt=\"\" class=\"slider-37 slide-39 msDefaultImage\" \/><\/li>\n                <li style=\"display: none; width: 100%;\" class=\"slide-38 ms-image \" aria-roledescription=\"slide\" data-date=\"2016-03-03 09:59:31\" data-filename=\"Slide1DS.jpg\" data-slide-type=\"image\"><img loading=\"lazy\" decoding=\"async\" src=\"http:\/\/www.haslmaier.com\/einrichtung\/wp-content\/uploads\/Slide1DS.jpg\" height=\"700\" width=\"2400\" alt=\"\" class=\"slider-37 slide-38 msDefaultImage\" \/><\/li>\n            <\/ul>\n        <\/div>\n        \n    <\/div>\n<\/div>\n<div class='conblock con-grey clearfix'><div class='conblock-inner'>\n<h1>Home<\/h1>\n<h3>Einrichtung Haslmaier &#8211; Ihr Einrichtungsprofi aus Sarleinsbach<\/h3>\n<div class='cols3 cols gap clearfix'>\n<div class='col colspan2 '>\n<p><b>Einrichtung Haslmaier<\/b> wurde von mir 2013 als Ein-Personen-Unternehmen gegr\u00fcndet. Ich biete meinen Kunden f\u00fcr alle Bereiche des Wohnens, und nach individueller Planung, exklusive M\u00f6bel und Ma\u00dfanfertigungen an.<\/p>\n<p>Ich bin Ihr vielseitiger Partner in Sachen Einrichtung und Raumausstattung. Ebenso erhalten Sie von mir individuelle (B\u00fcro-) M\u00f6beln, mit elektronischen Bauteilen, inklusive Zubeh\u00f6r und Raumausstattungswaren einschlie\u00dflich Textilien.<\/p>\n<p>Meine Leistungen im \u00dcberblick:<\/p>\n<ul>\n<li>Individuelle M\u00f6bel\u00a0f\u00fcr alle Bereiche<\/li>\n<li>B\u00fcroausstattung<\/li>\n<li>Empfangstheken<\/li>\n<li>Holzb\u00f6den und Parkett<\/li>\n<li>Textilien wie z.B. Vorh\u00e4nge<\/li>\n<li>uvm.<\/li>\n<\/ul>\n<p>Ich\u00a0planen f\u00fcr Sie nach Ihren Vorstellungen und berate Sie gerne mit Kreativit\u00e4t und fachlicher Kompetenz.\u00a0Es ist meine\u00a0St\u00e4rke, dass der Kunde alles aus einer Hand bekommt und daher Zeit und Geld spart.\u00a0Egal, ob Glas-, Stein-, Holz- oder Malerarbeiten \u2013 ich\u00a0arbeite in Kooperation mit ausgesuchten Meisterbetrieben.<\/p>\n<\/div>\n<div class='col colspan last'>\n<p><img loading=\"lazy\" decoding=\"async\" class=\"alignnone size-medium wp-image-23\" src=\"http:\/\/www.haslmaier.com\/einrichtung\/wp-content\/uploads\/iStock_000077420033_Large-550x366.jpg\" alt=\"\" width=\"550\" height=\"366\" \/><\/p>\n<p><img loading=\"lazy\" decoding=\"async\" class=\"alignnone size-medium wp-image-32\" src=\"http:\/\/www.haslmaier.com\/einrichtung\/wp-content\/uploads\/iStock_000023964629_Large-550x366.jpg\" alt=\"\" width=\"550\" height=\"366\" \/><\/p>\n<\/div>\n<\/div>\n<div class='colorline'><\/div>\n<h3>Einrichtung\u00a0Haslmaier \u2013 Ihr Einrichtungsprofi\u00a0aus Sarleinsbach<\/h3>\n<p>F\u00fcr Fragen stehe ich\u00a0Ihnen gerne zur Verf\u00fcgung\u00a0 \u2013 kontaktieren Sie mich\u00a0unter der\u00a0Telefonnummer <strong>+43 664\u00a0853 82 52<\/strong>\u00a0oder schicken Sie\u00a0<a href=\"mailto:&#x72;&#x6f;&#x62;&#x65;&#x72;&#x74;&#x40;&#x68;&#x61;&#x73;&#x6c;&#x6d;&#x61;&#x69;&#x65;&#x72;&#x2e;&#x63;&#x6f;&#x6d;\">Ihre Anfrage!<\/a><\/p>\n<\/div> <\/div>","protected":false},"excerpt":{"rendered":"","protected":false},"author":1,"featured_media":0,"parent":0,"menu_order":1,"comment_status":"closed","ping_status":"closed","template":"","meta":{"footnotes":""},"class_list":["post-6","page","type-page","status-publish","hentry"],"_links":{"self":[{"href":"http:\/\/www.haslmaier.com\/einrichtung\/wp-json\/wp\/v2\/pages\/6","targetHints":{"allow":["GET"]}}],"collection":[{"href":"http:\/\/www.haslmaier.com\/einrichtung\/wp-json\/wp\/v2\/pages"}],"about":[{"href":"http:\/\/www.haslmaier.com\/einrichtung\/wp-json\/wp\/v2\/types\/page"}],"author":[{"embeddable":true,"href":"http:\/\/www.haslmaier.com\/einrichtung\/wp-json\/wp\/v2\/users\/1"}],"replies":[{"embeddable":true,"href":"http:\/\/www.haslmaier.com\/einrichtung\/wp-json\/wp\/v2\/comments?post=6"}],"version-history":[{"count":10,"href":"http:\/\/www.haslmaier.com\/einrichtung\/wp-json\/wp\/v2\/pages\/6\/revisions"}],"predecessor-version":[{"id":84,"href":"http:\/\/www.haslmaier.com\/einrichtung\/wp-json\/wp\/v2\/pages\/6\/revisions\/84"}],"wp:attachment":[{"href":"http:\/\/www.haslmaier.com\/einrichtung\/wp-json\/wp\/v2\/media?parent=6"}],"curies":[{"name":"wp","href":"https:\/\/api.w.org\/{rel}","templated":true}]}}